{"id":21,"date":"2025-08-20T10:57:00","date_gmt":"2025-08-20T10:57:00","guid":{"rendered":"https:\/\/livia-taddei.com\/?page_id=21"},"modified":"2025-10-01T06:57:25","modified_gmt":"2025-10-01T06:57:25","slug":"su-di-me","status":"publish","type":"page","link":"https:\/\/livia-taddei.com\/it\/sobre-mi\/","title":{"rendered":"Chi sono"},"content":{"rendered":"<div data-elementor-type=\"wp-page\" data-elementor-id=\"21\" class=\"elementor elementor-21\" data-elementor-post-type=\"page\">\n\t\t\t\t<div class=\"elementor-element elementor-element-f4ff73f e-con-full e-flex e-con e-parent\" data-id=\"f4ff73f\" data-element_type=\"container\" data-e-type=\"container\">\n\t\t<div class=\"elementor-element elementor-element-49561e6 e-con-full e-flex e-con e-child\" data-id=\"49561e6\" data-element_type=\"container\" data-e-type=\"container\">\n\t\t\t\t<div class=\"elementor-element elementor-element-2946d4b elementor-widget elementor-widget-heading\" data-id=\"2946d4b\" data-element_type=\"widget\" data-e-type=\"widget\" data-widget_type=\"heading.default\">\n\t\t\t\t\t<h2 class=\"elementor-heading-title elementor-size-default\">Livia Taddei<\/h2>\t\t\t\t<\/div>\n\t\t\t\t<div class=\"elementor-element elementor-element-a61b415 elementor-widget elementor-widget-text-editor\" data-id=\"a61b415\" data-element_type=\"widget\" data-e-type=\"widget\" data-widget_type=\"text-editor.default\">\n\t\t\t\t\t\t\t\t\t<p>Scrivo romanzi gialli, storici e contemporanei.<\/p>\n\n<p><i>Misteri, emozioni e luoghi che lasciano traccia.<\/i><\/p>\t\t\t\t\t\t\t\t<\/div>\n\t\t\t\t<\/div>\n\t\t<div class=\"elementor-element elementor-element-681319a e-con-full e-flex e-con e-child\" data-id=\"681319a\" data-element_type=\"container\" data-e-type=\"container\">\n\t\t<div class=\"elementor-element elementor-element-cebb4fd e-con-full e-flex e-con e-child\" data-id=\"cebb4fd\" data-element_type=\"container\" data-e-type=\"container\" data-settings=\"{&quot;background_background&quot;:&quot;classic&quot;}\">\n\t\t\t\t<\/div>\n\t\t\t\t<div class=\"elementor-element elementor-element-7b82ebf elementor-widget elementor-widget-text-editor\" data-id=\"7b82ebf\" data-element_type=\"widget\" data-e-type=\"widget\" data-widget_type=\"text-editor.default\">\n\t\t\t\t\t\t\t\t\t<p>Mi chiamo Livia Taddei e scrivo romanzi gialli, storici e contemporanei.<\/p>\n<p>Sono originaria della Svizzera italiana, ma da oltre trent\u2019anni vivo a Granada con la mia\nfamiglia. Lavoro come traduttrice e dedico gran parte del mio tempo libero a plasmare\nstorie, una passione che mi accompagna fin dall\u2019infanzia.<\/p>\n<p>La lettura di romanzi \u00e8 sempre stata una fedele compagna:&nbsp;<span style=\"font-size: 1rem;\">mi<\/span><span style=\"font-size: 1rem;\">&nbsp;ha permesso di comprendere pi\u00f9 a fondo le esperienze umane e il contesto in cui si muovono le emozioni. Da qui \u00e8 nato il desiderio di dare voce alle mie storie e di esplorare i mondi che emergono dall'immaginazione, un percorso che continuo a seguire giorno dopo giorno, con nuovi progetti letterari sempre in evoluzione.<\/span><\/p>\t\t\t\t\t\t\t\t<\/div>\n\t\t\t\t<\/div>\n\t\t\t\t<\/div>\n\t\t<div class=\"elementor-element elementor-element-393c026 e-con-full e-flex e-con e-parent\" data-id=\"393c026\" data-element_type=\"container\" data-e-type=\"container\" data-settings=\"{&quot;background_background&quot;:&quot;classic&quot;}\">\n\t\t\t\t<\/div>\n\t\t\t\t<\/div>","protected":false},"excerpt":{"rendered":"<p>Livia Taddei Escribo novelas negras, hist\u00f3ricas y contempor\u00e1neas. Historias que te atrapan con misterios, emociones y lugares que dejan huella. Me llamo Livia Taddei y escribo novelas polic\u00edacas, hist\u00f3ricas y contempor\u00e1neas. Soy originaria de la Suiza italiana, pero desde hace m\u00e1s de treinta a\u00f1os vivo en Granada con mi familia. Trabajo como traductora y dedico [&hellip;]<\/p>\n","protected":false},"author":1,"featured_media":0,"parent":0,"menu_order":0,"comment_status":"closed","ping_status":"closed","template":"","meta":{"footnotes":""},"class_list":["post-21","page","type-page","status-publish","hentry"],"_links":{"self":[{"href":"https:\/\/livia-taddei.com\/it\/wp-json\/wp\/v2\/pages\/21","targetHints":{"allow":["GET"]}}],"collection":[{"href":"https:\/\/livia-taddei.com\/it\/wp-json\/wp\/v2\/pages"}],"about":[{"href":"https:\/\/livia-taddei.com\/it\/wp-json\/wp\/v2\/types\/page"}],"author":[{"embeddable":true,"href":"https:\/\/livia-taddei.com\/it\/wp-json\/wp\/v2\/users\/1"}],"replies":[{"embeddable":true,"href":"https:\/\/livia-taddei.com\/it\/wp-json\/wp\/v2\/comments?post=21"}],"version-history":[{"count":82,"href":"https:\/\/livia-taddei.com\/it\/wp-json\/wp\/v2\/pages\/21\/revisions"}],"predecessor-version":[{"id":3202,"href":"https:\/\/livia-taddei.com\/it\/wp-json\/wp\/v2\/pages\/21\/revisions\/3202"}],"wp:attachment":[{"href":"https:\/\/livia-taddei.com\/it\/wp-json\/wp\/v2\/media?parent=21"}],"curies":[{"name":"wp","href":"https:\/\/api.w.org\/{rel}","templated":true}]}}