{"id":1459,"date":"2025-09-09T16:44:57","date_gmt":"2025-09-09T16:44:57","guid":{"rendered":"https:\/\/livia-taddei.com\/?page_id=1459"},"modified":"2025-09-11T16:01:20","modified_gmt":"2025-09-11T16:01:20","slug":"informativa-sulla-privacy","status":"publish","type":"page","link":"https:\/\/livia-taddei.com\/it\/politica-de-privacidad\/","title":{"rendered":"Informativa sulla privacy"},"content":{"rendered":"<div data-elementor-type=\"wp-page\" data-elementor-id=\"1459\" class=\"elementor elementor-1459\" data-elementor-post-type=\"page\">\n\t\t\t\t<div class=\"elementor-element elementor-element-31b956ef e-con-full e-flex e-con e-parent\" data-id=\"31b956ef\" data-element_type=\"container\" data-e-type=\"container\">\n\t\t<div class=\"elementor-element elementor-element-730be8ca e-con-full e-flex e-con e-child\" data-id=\"730be8ca\" data-element_type=\"container\" data-e-type=\"container\">\n\t\t\t\t<div class=\"elementor-element elementor-element-1b13d4c1 elementor-widget elementor-widget-heading\" data-id=\"1b13d4c1\" data-element_type=\"widget\" data-e-type=\"widget\" data-widget_type=\"heading.default\">\n\t\t\t\t\t<h2 class=\"elementor-heading-title elementor-size-default\">Informativa sulla privacy<\/h2>\t\t\t\t<\/div>\n\t\t\t\t<div class=\"elementor-element elementor-element-11da40f1 elementor-widget elementor-widget-text-editor\" data-id=\"11da40f1\" data-element_type=\"widget\" data-e-type=\"widget\" data-widget_type=\"text-editor.default\">\n\t\t\t\t\t\t\t\t\t<p>&nbsp; Livia Taddei, in qualit\u00e0 di responsabile di questo sito web, lo ha adattato ai requisiti della LOPD (Legge Organica sulla Protezione dei Dati) e della LSSI-CE (Legge sulla Societ\u00e0 dell'Informazione e sul Commercio Elettronico).<\/p>\t\t\t\t\t\t\t\t<\/div>\n\t\t\t\t<\/div>\n\t\t<div class=\"elementor-element elementor-element-7bb5cd33 e-con-full e-flex e-con e-child\" data-id=\"7bb5cd33\" data-element_type=\"container\" data-e-type=\"container\">\n\t\t\t\t<div class=\"elementor-element elementor-element-4ea86ad6 elementor-widget elementor-widget-text-editor\" data-id=\"4ea86ad6\" data-element_type=\"widget\" data-e-type=\"widget\" data-widget_type=\"text-editor.default\">\n\t\t\t\t\t\t\t\t\t<p data-start=\"416\" data-end=\"950\">&nbsp; In conformit\u00e0 con le disposizioni della Legge Organica 15\/1999, del 13 dicembre, sulla Protezione dei Dati Personali,<strong>&nbsp;Livia Taddei<\/strong>con CIF: X2186329H, informa l'Utente di essere titolare di un archivio di \"Utenti e abbonati del sito web\" registrato presso il R.G.P.D. (Registro Generale della Protezione dei Dati), nel quale i loro dati sono inseriti e trattati al fine di fornire i servizi richiesti e di inviare loro informazioni sulla propria attivit\u00e0 professionale che potrebbero essere di loro interesse.<\/p>\n<p data-start=\"416\" data-end=\"950\"><strong>&nbsp; Livia Taddei<\/strong>&nbsp;ha adottato tutte le misure tecniche e organizzative necessarie a garantire la sicurezza e l'integrit\u00e0 dei dati personali che tratta, nonch\u00e9 a prevenire la loro perdita, alterazione e\/o accesso da parte di terzi non autorizzati.<\/p>\n<h2><strong>&nbsp;&nbsp;<\/strong><\/h2>\n<h2><b>Finalit\u00e0 dei dati raccolti e consenso al trattamento<\/b><\/h2>\n<p data-start=\"1302\" data-end=\"1530\">&nbsp; L'Utente \u00e8 informato, in conformit\u00e0 con le disposizioni dell'articolo 5 della LOPD, che attraverso i moduli di contatto o le iscrizioni, i dati vengono raccolti e conservati nel suddetto archivio, per le seguenti finalit\u00e0:<\/p>\n<ul data-start=\"1532\" data-end=\"2087\">\n<li data-start=\"1532\" data-end=\"1581\">\n<p data-start=\"1534\" data-end=\"1581\">Inoltrare la newsletter del sito web.<\/p>\n<\/li>\n<li data-start=\"1582\" data-end=\"1748\">\n<p data-start=\"1584\" data-end=\"1748\">Per evadere ordini, richieste o qualsiasi tipo di richiesta fatta dall'utente attraverso uno qualsiasi dei moduli di contatto disponibili sul Sito.<\/p>\n<\/li>\n<li data-start=\"1749\" data-end=\"2051\">\n<p data-start=\"1751\" data-end=\"2051\">Invio di comunicazioni commerciali pubblicitarie via e-mail su prodotti o servizi offerti da Livia Taddei, nonch\u00e9 da collaboratori o partner con i quali siano stati raggiunti accordi commerciali. In nessun caso queste terze parti avranno accesso ai dati personali.<\/p>\n<\/li>\n<li data-start=\"2052\" data-end=\"2087\">\n<p data-start=\"2054\" data-end=\"2087\">Condurre studi statistici.<\/p>\n<\/li>\n<\/ul>\n<p data-start=\"2089\" data-end=\"2368\">&nbsp; I dati richiesti attraverso il Sito sono obbligatori, in quanto necessari per la fornitura di un servizio ottimale all'Utente. Se non vengono forniti tutti i dati, non si garantisce che le informazioni e i servizi forniti soddisfino pienamente le esigenze dell'Utente.<\/p>\n<p data-start=\"2370\" data-end=\"2713\">&nbsp; L'Utente \u00e8 l'unico responsabile della veridicit\u00e0 e della correttezza dei dati forniti, esonerando il responsabile da qualsiasi responsabilit\u00e0 al riguardo. L'Utente garantisce ed \u00e8 responsabile, in ogni caso, dell'esattezza, della validit\u00e0 e dell'autenticit\u00e0 dei dati personali forniti e si impegna a mantenerli debitamente aggiornati.<\/p>\n<p data-start=\"2715\" data-end=\"3045\">&nbsp; Accettazione dell'informativa sulla privacy, tramite la procedura di&nbsp;<em data-start=\"2788\" data-end=\"2796\">opt-in<\/em>si intende il consenso espresso e inequivocabile dell'Utente al trattamento dei dati personali di cui sopra, compreso il trasferimento internazionale dei dati dovuto esclusivamente all'ubicazione dei fornitori di servizi.<\/p>\n<h2><strong>&nbsp;&nbsp;<\/strong><\/h2>\n<h2><strong>Esercizio dei diritti ARCO: accesso, rettifica, cancellazione e opposizione<\/strong><\/h2>\n<p data-start=\"3132\" data-end=\"3447\">&nbsp; L'Utente pu\u00f2 inviare le proprie comunicazioni ed esercitare i propri diritti di accesso, rettifica, cancellazione e opposizione via e-mail a&nbsp;<span style=\"font-size: 1rem;\">livialetteraria@gmail.com<\/span>Si prega di allegare una prova legalmente valida, come una fotocopia della carta d'identit\u00e0 o equivalente, e di indicare nell'oggetto \"Protezione dei dati\".<\/p>\n<p data-start=\"3449\" data-end=\"3629\">&nbsp; Allo stesso modo, l'Utente pu\u00f2 annullare l'iscrizione a qualsiasi servizio di abbonamento fornito facendo clic sul link di annullamento dell'iscrizione incluso nelle e-mail inviate.<\/p>\n<p data-start=\"3631\" data-end=\"3768\">&nbsp; Se ricevete e-mail \u00e8 perch\u00e9 avete dato la vostra preventiva autorizzazione, in quanto Livia Taddei non effettua pratiche di SPAM.<\/p>\n<p data-start=\"3631\" data-end=\"3768\"><strong>&nbsp; Titolare e responsabili del trattamento<\/strong><\/p>\n<p data-start=\"3833\" data-end=\"3972\"><strong data-start=\"3833\" data-end=\"3861\">&nbsp; Responsabile della pratica:<\/strong>&nbsp;<strong>Livia Taddei<\/strong><br data-start=\"3887\" data-end=\"3890\"><strong data-start=\"3890\" data-end=\"3912\">&nbsp; Email di contatto:<\/strong>&nbsp;<span style=\"font-size: 1rem;\">livialetteraria@gmail.com<\/span><br data-start=\"3944\" data-end=\"3947\"><strong data-start=\"3947\" data-end=\"3960\">&nbsp; Telefono:<\/strong>&nbsp;645 34 05 89<\/p>\n<p data-start=\"3974\" data-end=\"4005\"><strong data-start=\"3974\" data-end=\"4005\">&nbsp; Responsabili del trattamento dei dati:<\/strong><\/p>\n<ul>\n<li data-start=\"4007\" data-end=\"4212\">\n<p data-start=\"4009\" data-end=\"4212\"><strong data-start=\"278\" data-end=\"290\">Hosting:<\/strong> IONOS Cloud S.L.U., con sede legale in Avenida de la Vega, 1, Edificio Veganova 3, Planta 5, Puerta C, 28108 Alcobendas, Madrid.<\/p>\n<\/li>\n<li data-start=\"4009\" data-end=\"4212\"><a href=\"https:\/\/www.ionos.es\/terms-gtc\/terms-privacy\" target=\"_blank\" rel=\"noopener\">https:\/\/www.ionos.es\/terms-gtc\/terms-privacy<\/a><\/li>\n<\/ul>\n<h2 data-start=\"4395\" data-end=\"4413\"><strong style=\"color: inherit; font-family: inherit; font-size: 2rem;\">&nbsp;<\/strong><\/h2>\n<h2 data-start=\"4395\" data-end=\"4413\"><strong style=\"color: inherit; font-family: inherit; font-size: 2rem;\">I social media<\/strong><\/h2>\n<p data-start=\"4415\" data-end=\"4702\"><strong>&nbsp; Livia Taddei<\/strong>&nbsp;offre all'Utente link e servizi relativi ai social network. Se l'Utente \u00e8 membro di un social network e clicca sul link corrispondente, il fornitore del network pu\u00f2 collegare i dati del profilo dell'Utente alle informazioni sulla visita dell'Utente al sito web.<\/p>\n<p data-start=\"4704\" data-end=\"4778\">&nbsp; \u00c8 possibile consultare e configurare le impostazioni sulla privacy sulle seguenti piattaforme:<\/p>\n<ul>\n<li>https:\/\/www.instagram.com\/taddeilivia<\/li>\n<li>&nbsp;<\/li>\n<\/ul>\n<p><strong>&nbsp; Modifica dell'informativa sulla privacy<\/strong><\/p>\n<p data-start=\"5115\" data-end=\"5375\"><strong>&nbsp; &nbsp;<\/strong><\/p>\n<p data-start=\"5115\" data-end=\"5375\"><strong style=\"font-size: 1rem;\">&nbsp; Livia Taddei<\/strong><span style=\"font-size: 1rem;\">&nbsp;si riserva il diritto di modificare questa politica per adattarla a nuove leggi o giurisprudenze, nonch\u00e9 alle pratiche del settore. In questi casi, le modifiche saranno annunciate su questa pagina con il dovuto preavviso.<\/span><\/p>\t\t\t\t\t\t\t\t<\/div>\n\t\t\t\t<\/div>\n\t\t\t\t<\/div>\n\t\t\t\t<\/div>","protected":false},"excerpt":{"rendered":"<p>Pol\u00edtica de Privacidad &nbsp; Livia Taddei, como responsable del presente Sitio Web, ha adecuado esta web a las exigencias de la LOPD (Ley Org\u00e1nica de Protecci\u00f3n de Datos) y a la LSSI-CE (Ley de la Sociedad de la Informaci\u00f3n y el Comercio Electr\u00f3nico). &nbsp; De conformidad con lo dispuesto en la Ley Org\u00e1nica 15\/1999, de [&hellip;]<\/p>\n","protected":false},"author":1,"featured_media":0,"parent":0,"menu_order":0,"comment_status":"closed","ping_status":"closed","template":"","meta":{"footnotes":""},"class_list":["post-1459","page","type-page","status-publish","hentry"],"_links":{"self":[{"href":"https:\/\/livia-taddei.com\/it\/wp-json\/wp\/v2\/pages\/1459","targetHints":{"allow":["GET"]}}],"collection":[{"href":"https:\/\/livia-taddei.com\/it\/wp-json\/wp\/v2\/pages"}],"about":[{"href":"https:\/\/livia-taddei.com\/it\/wp-json\/wp\/v2\/types\/page"}],"author":[{"embeddable":true,"href":"https:\/\/livia-taddei.com\/it\/wp-json\/wp\/v2\/users\/1"}],"replies":[{"embeddable":true,"href":"https:\/\/livia-taddei.com\/it\/wp-json\/wp\/v2\/comments?post=1459"}],"version-history":[{"count":64,"href":"https:\/\/livia-taddei.com\/it\/wp-json\/wp\/v2\/pages\/1459\/revisions"}],"predecessor-version":[{"id":1672,"href":"https:\/\/livia-taddei.com\/it\/wp-json\/wp\/v2\/pages\/1459\/revisions\/1672"}],"wp:attachment":[{"href":"https:\/\/livia-taddei.com\/it\/wp-json\/wp\/v2\/media?parent=1459"}],"curies":[{"name":"wp","href":"https:\/\/api.w.org\/{rel}","templated":true}]}}